{"id":1526,"date":"2024-05-26T14:17:22","date_gmt":"2024-05-26T14:17:22","guid":{"rendered":"https:\/\/www.urologues-opera.paris\/?page_id=1526"},"modified":"2025-07-22T16:14:41","modified_gmt":"2025-07-22T16:14:41","slug":"home","status":"publish","type":"page","link":"https:\/\/www.urologues-opera.paris\/en\/","title":{"rendered":"Home en"},"content":{"rendered":"","protected":false},"excerpt":{"rendered":"","protected":false},"author":1,"featured_media":0,"parent":0,"menu_order":0,"comment_status":"open","ping_status":"open","template":"page-templates\/HomePage.php","meta":{"footnotes":""},"class_list":["post-1526","page","type-page","status-publish","hentry"],"acf":[],"yoast_head":"<!-- This site is optimized with the Yoast SEO plugin v26.0 - https:\/\/yoast.com\/wordpress\/plugins\/seo\/ -->\n<title>Urologie Paris Op\u00e9ra | Parc Monceau et Trocad\u00e9ro<\/title>\n<meta name=\"description\" content=\"The urologic surgeons of the Urologie Paris Op\u00e9ra Group guide and support you throughout your care journey, from diagnosis to treatment.\" \/>\n<meta name=\"robots\" content=\"index, follow, max-snippet:-1, max-image-preview:large, max-video-preview:-1\" \/>\n<link rel=\"canonical\" href=\"https:\/\/www.urologues-opera.paris\/en\/\" \/>\n<meta property=\"og:locale\" content=\"en_US\" \/>\n<meta property=\"og:type\" content=\"article\" \/>\n<meta property=\"og:title\" content=\"Urologie Paris Op\u00e9ra | Parc Monceau et Trocad\u00e9ro\" \/>\n<meta property=\"og:description\" content=\"The urologic surgeons of the Urologie Paris Op\u00e9ra Group guide and support you throughout your care journey, from diagnosis to treatment.\" \/>\n<meta property=\"og:url\" content=\"https:\/\/www.urologues-opera.paris\/en\/\" \/>\n<meta property=\"og:site_name\" content=\"Urologie Paris Op\u00e9ra\" \/>\n<meta property=\"article:modified_time\" content=\"2025-07-22T16:14:41+00:00\" \/>\n<meta name=\"twitter:card\" content=\"summary_large_image\" \/>\n<script type=\"application\/ld+json\" class=\"yoast-schema-graph\">{\"@context\":\"https:\/\/schema.org\",\"@graph\":[{\"@type\":\"WebPage\",\"@id\":\"https:\/\/www.urologues-opera.paris\/en\/\",\"url\":\"https:\/\/www.urologues-opera.paris\/en\/\",\"name\":\"Urologie Paris Op\u00e9ra | Parc Monceau et Trocad\u00e9ro\",\"isPartOf\":{\"@id\":\"https:\/\/www.urologues-opera.paris\/#website\"},\"datePublished\":\"2024-05-26T14:17:22+00:00\",\"dateModified\":\"2025-07-22T16:14:41+00:00\",\"description\":\"The urologic surgeons of the Urologie Paris Op\u00e9ra Group guide and support you throughout your care journey, from diagnosis to treatment.\",\"breadcrumb\":{\"@id\":\"https:\/\/www.urologues-opera.paris\/en\/#breadcrumb\"},\"inLanguage\":\"en-US\",\"potentialAction\":[{\"@type\":\"ReadAction\",\"target\":[\"https:\/\/www.urologues-opera.paris\/en\/\"]}]},{\"@type\":\"BreadcrumbList\",\"@id\":\"https:\/\/www.urologues-opera.paris\/en\/#breadcrumb\",\"itemListElement\":[{\"@type\":\"ListItem\",\"position\":1,\"name\":\"Home\",\"item\":\"https:\/\/www.urologues-opera.paris\/en\/\"},{\"@type\":\"ListItem\",\"position\":2,\"name\":\"Home en\"}]},{\"@type\":\"WebSite\",\"@id\":\"https:\/\/www.urologues-opera.paris\/#website\",\"url\":\"https:\/\/www.urologues-opera.paris\/\",\"name\":\"Urologie Paris Op\u00e9ra\",\"description\":\"\",\"potentialAction\":[{\"@type\":\"SearchAction\",\"target\":{\"@type\":\"EntryPoint\",\"urlTemplate\":\"https:\/\/www.urologues-opera.paris\/?s={search_term_string}\"},\"query-input\":{\"@type\":\"PropertyValueSpecification\",\"valueRequired\":true,\"valueName\":\"search_term_string\"}}],\"inLanguage\":\"en-US\"}]}<\/script>\n<!-- \/ Yoast SEO plugin. -->","yoast_head_json":{"title":"Urologie Paris Op\u00e9ra | Parc Monceau et Trocad\u00e9ro","description":"The urologic surgeons of the Urologie Paris Op\u00e9ra Group guide and support you throughout your care journey, from diagnosis to treatment.","robots":{"index":"index","follow":"follow","max-snippet":"max-snippet:-1","max-image-preview":"max-image-preview:large","max-video-preview":"max-video-preview:-1"},"canonical":"https:\/\/www.urologues-opera.paris\/en\/","og_locale":"en_US","og_type":"article","og_title":"Urologie Paris Op\u00e9ra | Parc Monceau et Trocad\u00e9ro","og_description":"The urologic surgeons of the Urologie Paris Op\u00e9ra Group guide and support you throughout your care journey, from diagnosis to treatment.","og_url":"https:\/\/www.urologues-opera.paris\/en\/","og_site_name":"Urologie Paris Op\u00e9ra","article_modified_time":"2025-07-22T16:14:41+00:00","twitter_card":"summary_large_image","schema":{"@context":"https:\/\/schema.org","@graph":[{"@type":"WebPage","@id":"https:\/\/www.urologues-opera.paris\/en\/","url":"https:\/\/www.urologues-opera.paris\/en\/","name":"Urologie Paris Op\u00e9ra | Parc Monceau et Trocad\u00e9ro","isPartOf":{"@id":"https:\/\/www.urologues-opera.paris\/#website"},"datePublished":"2024-05-26T14:17:22+00:00","dateModified":"2025-07-22T16:14:41+00:00","description":"The urologic surgeons of the Urologie Paris Op\u00e9ra Group guide and support you throughout your care journey, from diagnosis to treatment.","breadcrumb":{"@id":"https:\/\/www.urologues-opera.paris\/en\/#breadcrumb"},"inLanguage":"en-US","potentialAction":[{"@type":"ReadAction","target":["https:\/\/www.urologues-opera.paris\/en\/"]}]},{"@type":"BreadcrumbList","@id":"https:\/\/www.urologues-opera.paris\/en\/#breadcrumb","itemListElement":[{"@type":"ListItem","position":1,"name":"Home","item":"https:\/\/www.urologues-opera.paris\/en\/"},{"@type":"ListItem","position":2,"name":"Home en"}]},{"@type":"WebSite","@id":"https:\/\/www.urologues-opera.paris\/#website","url":"https:\/\/www.urologues-opera.paris\/","name":"Urologie Paris Op\u00e9ra","description":"","potentialAction":[{"@type":"SearchAction","target":{"@type":"EntryPoint","urlTemplate":"https:\/\/www.urologues-opera.paris\/?s={search_term_string}"},"query-input":{"@type":"PropertyValueSpecification","valueRequired":true,"valueName":"search_term_string"}}],"inLanguage":"en-US"}]}},"_links":{"self":[{"href":"https:\/\/www.urologues-opera.paris\/en\/wp-json\/wp\/v2\/pages\/1526","targetHints":{"allow":["GET"]}}],"collection":[{"href":"https:\/\/www.urologues-opera.paris\/en\/wp-json\/wp\/v2\/pages"}],"about":[{"href":"https:\/\/www.urologues-opera.paris\/en\/wp-json\/wp\/v2\/types\/page"}],"author":[{"embeddable":true,"href":"https:\/\/www.urologues-opera.paris\/en\/wp-json\/wp\/v2\/users\/1"}],"replies":[{"embeddable":true,"href":"https:\/\/www.urologues-opera.paris\/en\/wp-json\/wp\/v2\/comments?post=1526"}],"version-history":[{"count":1,"href":"https:\/\/www.urologues-opera.paris\/en\/wp-json\/wp\/v2\/pages\/1526\/revisions"}],"predecessor-version":[{"id":2131,"href":"https:\/\/www.urologues-opera.paris\/en\/wp-json\/wp\/v2\/pages\/1526\/revisions\/2131"}],"wp:attachment":[{"href":"https:\/\/www.urologues-opera.paris\/en\/wp-json\/wp\/v2\/media?parent=1526"}],"curies":[{"name":"wp","href":"https:\/\/api.w.org\/{rel}","templated":true}]}}